{"id":22,"date":"2022-04-12T15:48:48","date_gmt":"2022-04-12T15:48:48","guid":{"rendered":"https:\/\/db-power.fr\/?page_id=22"},"modified":"2025-11-05T09:12:21","modified_gmt":"2025-11-05T09:12:21","slug":"nos-valeurs","status":"publish","type":"page","link":"https:\/\/db-power.fr\/index.php\/nos-valeurs\/","title":{"rendered":"Valeurs"},"content":{"rendered":"\n[et_pb_section fb_built=\u00a0\u00bb1&Prime; _builder_version=\u00a0\u00bb4.17.0&Prime; _module_preset=\u00a0\u00bbdefault\u00a0\u00bb background_color=\u00a0\u00bb#000000&Prime; background_enable_image=\u00a0\u00bboff\u00a0\u00bb global_colors_info=\u00a0\u00bb{}\u00a0\u00bb][et_pb_row _builder_version=\u00a0\u00bb4.17.0&Prime; _module_preset=\u00a0\u00bbdefault\u00a0\u00bb global_colors_info=\u00a0\u00bb{}\u00a0\u00bb][et_pb_column type=\u00a0\u00bb4_4&Prime; _builder_version=\u00a0\u00bb4.17.0&Prime; _module_preset=\u00a0\u00bbdefault\u00a0\u00bb global_colors_info=\u00a0\u00bb{}\u00a0\u00bb][et_pb_text _builder_version=\u00a0\u00bb4.17.0&Prime; _module_preset=\u00a0\u00bbdefault\u00a0\u00bb text_font=\u00a0\u00bb||||||||\u00a0\u00bb text_font_size=\u00a0\u00bb38px\u00a0\u00bb background_layout=\u00a0\u00bbdark\u00a0\u00bb global_colors_info=\u00a0\u00bb{}\u00a0\u00bb]<h1>L&rsquo;entreprise et son histoire<\/h1>[\/et_pb_text][et_pb_text _builder_version=\u00a0\u00bb4.17.0&Prime; _module_preset=\u00a0\u00bbdefault\u00a0\u00bb background_layout=\u00a0\u00bbdark\u00a0\u00bb global_colors_info=\u00a0\u00bb{}\u00a0\u00bb]<p>DB comme D\u00e9pret Bellanger<\/p>\n<p>15 ann\u00e9es d&rsquo;exp\u00e9rience dans le domaine de la maintenance avec le syst\u00e8me qualit\u00e9 du nucl\u00e9aire. Associant leurs comp\u00e9tences :<\/p>\n<ul>\n<li>Charg\u00e9 d&rsquo;affaires pour l&rsquo;un avec l&rsquo;application du syst\u00e8me qualit\u00e9 et une approche commerciale pr\u00e9cise.<\/li>\n<li>Contrema\u00eetre pour l&rsquo;autre avec la ma\u00eetrise de la gestion d&rsquo;activit\u00e9s et d&rsquo;un panel de comp\u00e9tences techniques.<\/li>\n<\/ul>\n<p>Une compl\u00e9mentarit\u00e9 dans une entreprise \u00e0 taille humaine entour\u00e9e de collaborateurs dot\u00e9s d&rsquo;une forte culture du service.<\/p>[\/et_pb_text][\/et_pb_column][\/et_pb_row][\/et_pb_section][et_pb_section fb_built=\u00a0\u00bb1&Prime; fullwidth=\u00a0\u00bbon\u00a0\u00bb _builder_version=\u00a0\u00bb4.17.0&Prime; _module_preset=\u00a0\u00bbdefault\u00a0\u00bb background_image=\u00a0\u00bbhttps:\/\/db-power.fr\/wp-content\/uploads\/2022\/04\/AdobeStock_143305174-scaled.jpeg\u00a0\u00bb parallax=\u00a0\u00bbon\u00a0\u00bb global_colors_info=\u00a0\u00bb{}\u00a0\u00bb][et_pb_fullwidth_header title=\u00a0\u00bbNos valeurs\u00a0\u00bb subhead=\u00a0\u00bbDonner du sens \u00e0 ce que l&rsquo;on fait, rendre service pour satisfaire nos partenaires. \u00a0\u00bb background_overlay_color=\u00a0\u00bbRGBA(255,255,255,0)\u00a0\u00bb _builder_version=\u00a0\u00bb4.17.0&Prime; _module_preset=\u00a0\u00bbdefault\u00a0\u00bb title_font=\u00a0\u00bbRoboto|900||on|||||solid\u00a0\u00bb subhead_font=\u00a0\u00bbUbuntu||||||||\u00a0\u00bb subhead_font_size=\u00a0\u00bb26px\u00a0\u00bb background_color=\u00a0\u00bbrgba(0,0,0,0.51)\u00a0\u00bb global_colors_info=\u00a0\u00bb{}\u00a0\u00bb]<p>&nbsp;<\/p>\n<p><span style=\"font-size: large;\">Entreprise \u00e0 notre image :<\/span><\/p>\n<ul>\n<li><span style=\"font-size: large;\">R\u00e9active<\/span><\/li>\n<li><span style=\"font-size: large;\">Familiale<\/span><\/li>\n<li><span style=\"font-size: large;\">Serviable<\/span><\/li>\n<li><span style=\"font-size: large;\">Bienveillante<\/span><\/li>\n<li><span style=\"font-size: large;\">A l&rsquo;\u00e9coute de ses Clients\u00a0<\/span><br \/><span style=\"font-size: large;\"><\/span><\/li>\n<li><span style=\"font-size: large;\">Qualit\u00e9 des interventions\u00a0<\/span><\/li>\n<\/ul>\n<p><span style=\"font-size: large;\"><strong>DB POWER<\/strong> s&rsquo;appuie aujourd\u2019hui sur son savoir-faire pour vous proposer les meilleurs services cl\u00e9s en main et devenir votre v\u00e9ritable partenaire de proximit\u00e9.<\/span><\/p>[\/et_pb_fullwidth_header][\/et_pb_section][et_pb_section fb_built=\u00a0\u00bb1&Prime; _builder_version=\u00a0\u00bb4.17.0&Prime; _module_preset=\u00a0\u00bbdefault\u00a0\u00bb background_color=\u00a0\u00bb#00b5db\u00a0\u00bb global_colors_info=\u00a0\u00bb{}\u00a0\u00bb][et_pb_row _builder_version=\u00a0\u00bb4.17.0&Prime; _module_preset=\u00a0\u00bbdefault\u00a0\u00bb global_colors_info=\u00a0\u00bb{}\u00a0\u00bb][et_pb_column type=\u00a0\u00bb4_4&Prime; _builder_version=\u00a0\u00bb4.17.0&Prime; _module_preset=\u00a0\u00bbdefault\u00a0\u00bb global_colors_info=\u00a0\u00bb{}\u00a0\u00bb][et_pb_text _builder_version=\u00a0\u00bb4.17.0&Prime; _module_preset=\u00a0\u00bbdefault\u00a0\u00bb text_orientation=\u00a0\u00bbcenter\u00a0\u00bb background_layout=\u00a0\u00bbdark\u00a0\u00bb hover_enabled=\u00a0\u00bb0&Prime; global_colors_info=\u00a0\u00bb{}\u00a0\u00bb sticky_enabled=\u00a0\u00bb0&Prime;]<h2>Nos savoir faire<\/h2>[\/et_pb_text][\/et_pb_column][\/et_pb_row][et_pb_row column_structure=\u00a0\u00bb1_3,1_3,1_3&Prime; _builder_version=\u00a0\u00bb4.17.0&Prime; _module_preset=\u00a0\u00bbdefault\u00a0\u00bb custom_padding=\u00a0\u00bb||20px|||\u00a0\u00bb global_colors_info=\u00a0\u00bb{}\u00a0\u00bb][et_pb_column type=\u00a0\u00bb1_3&Prime; _builder_version=\u00a0\u00bb4.17.0&Prime; _module_preset=\u00a0\u00bbdefault\u00a0\u00bb global_colors_info=\u00a0\u00bb{}\u00a0\u00bb][et_pb_blurb title=\u00a0\u00bbEtude et conception\u00a0\u00bb image=\u00a0\u00bbhttps:\/\/db-power.fr\/wp-content\/uploads\/2022\/04\/AdobeStock_292341430-scaled.jpeg\u00a0\u00bb _builder_version=\u00a0\u00bb4.17.0&Prime; _module_preset=\u00a0\u00bbdefault\u00a0\u00bb header_font=\u00a0\u00bbRoboto|700|||||||\u00a0\u00bb body_font=\u00a0\u00bbUbuntu||||||||\u00a0\u00bb background_color=\u00a0\u00bb#FFFFFF\u00a0\u00bb min_height=\u00a0\u00bb324.4px\u00a0\u00bb custom_padding=\u00a0\u00bb5px|5px|5px|5px|true|true\u00a0\u00bb animation_style=\u00a0\u00bbflip\u00a0\u00bb border_radii=\u00a0\u00bbon|10px|10px|10px|10px\u00a0\u00bb box_shadow_style=\u00a0\u00bbpreset4&Prime; box_shadow_color=\u00a0\u00bbrgba(0,133,163,0.3)\u00a0\u00bb global_colors_info=\u00a0\u00bb{}\u00a0\u00bb custom_padding__hover_enabled=\u00a0\u00bboff|desktop\u00a0\u00bb]<p>Du bureau d&rsquo;\u00e9tude \u00e0 la fabrication par assemblages boulonn\u00e9s, soud\u00e9, crapautages&#8230;<\/p>[\/et_pb_blurb][et_pb_blurb title=\u00a0\u00bbEpreuve Hydraulique\u00a0\u00bb image=\u00a0\u00bbhttps:\/\/db-power.fr\/wp-content\/uploads\/2022\/04\/AdobeStock_96853025-scaled.jpeg\u00a0\u00bb _builder_version=\u00a0\u00bb4.17.0&Prime; _module_preset=\u00a0\u00bbdefault\u00a0\u00bb header_font=\u00a0\u00bbRoboto|700|||||||\u00a0\u00bb body_font=\u00a0\u00bbUbuntu||||||||\u00a0\u00bb background_color=\u00a0\u00bb#FFFFFF\u00a0\u00bb min_height=\u00a0\u00bb377.8px\u00a0\u00bb custom_padding=\u00a0\u00bb5px|5px|40px|5px|false|true\u00a0\u00bb animation_style=\u00a0\u00bbflip\u00a0\u00bb border_radii=\u00a0\u00bbon|10px|10px|10px|10px\u00a0\u00bb box_shadow_style=\u00a0\u00bbpreset4&Prime; box_shadow_color=\u00a0\u00bbrgba(0,133,163,0.3)\u00a0\u00bb global_colors_info=\u00a0\u00bb{}\u00a0\u00bb custom_padding__hover_enabled=\u00a0\u00bboff|desktop\u00a0\u00bb]<p>Tuyauterie, robinetterie, capacit\u00e9&#8230;<\/p>[\/et_pb_blurb][\/et_pb_column][et_pb_column type=\u00a0\u00bb1_3&Prime; _builder_version=\u00a0\u00bb4.17.0&Prime; _module_preset=\u00a0\u00bbdefault\u00a0\u00bb global_colors_info=\u00a0\u00bb{}\u00a0\u00bb][et_pb_blurb title=\u00a0\u00bbUsinage\u00a0\u00bb image=\u00a0\u00bbhttps:\/\/db-power.fr\/wp-content\/uploads\/2022\/04\/AdobeStock_273517326-scaled.jpeg\u00a0\u00bb _builder_version=\u00a0\u00bb4.17.0&Prime; _module_preset=\u00a0\u00bbdefault\u00a0\u00bb header_font=\u00a0\u00bbRoboto|700|||||||\u00a0\u00bb body_font=\u00a0\u00bbUbuntu||||||||\u00a0\u00bb background_color=\u00a0\u00bb#FFFFFF\u00a0\u00bb custom_padding=\u00a0\u00bb5px|5px|5px|5px|true|true\u00a0\u00bb animation_style=\u00a0\u00bbflip\u00a0\u00bb border_radii=\u00a0\u00bbon|10px|10px|10px|10px\u00a0\u00bb box_shadow_style=\u00a0\u00bbpreset4&Prime; box_shadow_color=\u00a0\u00bbrgba(0,133,163,0.3)\u00a0\u00bb global_colors_info=\u00a0\u00bb{}\u00a0\u00bb custom_padding__hover_enabled=\u00a0\u00bboff|desktop\u00a0\u00bb]<p>Tournage \/ fraisage traditionnel et num\u00e9rique, usinage portatif\u00a0<\/p>[\/et_pb_blurb][et_pb_blurb title=\u00a0\u00bbMaintenance sur site\u00a0\u00bb image=\u00a0\u00bbhttps:\/\/db-power.fr\/wp-content\/uploads\/2022\/04\/realisations-mmi-mateo-maintenance-industrielle-entreprise-situee-a-viriat-dans-lain-01-178.jpg\u00a0\u00bb _builder_version=\u00a0\u00bb4.17.0&Prime; _module_preset=\u00a0\u00bbdefault\u00a0\u00bb header_font=\u00a0\u00bbRoboto|700|||||||\u00a0\u00bb body_font=\u00a0\u00bbUbuntu||||||||\u00a0\u00bb background_color=\u00a0\u00bb#FFFFFF\u00a0\u00bb min_height=\u00a0\u00bb379.6px\u00a0\u00bb custom_margin=\u00a0\u00bb||-35px|||\u00a0\u00bb custom_padding=\u00a0\u00bb5px|5px|5px|5px|true|true\u00a0\u00bb animation_style=\u00a0\u00bbflip\u00a0\u00bb border_radii=\u00a0\u00bbon|10px|10px|10px|10px\u00a0\u00bb box_shadow_style=\u00a0\u00bbpreset4&Prime; box_shadow_color=\u00a0\u00bbrgba(0,133,163,0.3)\u00a0\u00bb global_colors_info=\u00a0\u00bb{}\u00a0\u00bb custom_padding__hover_enabled=\u00a0\u00bboff|desktop\u00a0\u00bb]<p>Turbine, pompe, moteur \u00e9lectrique et thermique, robinetterie&#8230;<\/p>[\/et_pb_blurb][\/et_pb_column][et_pb_column type=\u00a0\u00bb1_3&Prime; _builder_version=\u00a0\u00bb4.17.0&Prime; _module_preset=\u00a0\u00bbdefault\u00a0\u00bb global_colors_info=\u00a0\u00bb{}\u00a0\u00bb][et_pb_blurb title=\u00a0\u00bbMesure M\u00e9trologique\u00a0\u00bb image=\u00a0\u00bbhttps:\/\/db-power.fr\/wp-content\/uploads\/2022\/04\/AdobeStock_278236155-scaled.jpeg\u00a0\u00bb _builder_version=\u00a0\u00bb4.17.0&Prime; _module_preset=\u00a0\u00bbdefault\u00a0\u00bb header_font=\u00a0\u00bbRoboto|700|||||||\u00a0\u00bb body_font=\u00a0\u00bbUbuntu||||||||\u00a0\u00bb background_color=\u00a0\u00bb#FFFFFF\u00a0\u00bb custom_padding=\u00a0\u00bb5px|5px|5px|5px|true|true\u00a0\u00bb animation_style=\u00a0\u00bbflip\u00a0\u00bb border_radii=\u00a0\u00bbon|10px|10px|10px|10px\u00a0\u00bb box_shadow_style=\u00a0\u00bbpreset4&Prime; box_shadow_color=\u00a0\u00bbrgba(0,133,163,0.3)\u00a0\u00bb global_colors_info=\u00a0\u00bb{}\u00a0\u00bb custom_padding__hover_enabled=\u00a0\u00bboff|desktop\u00a0\u00bb]<p>toutes mesures de pr\u00e9cision jusqu&rsquo;au Micron \u00b5<\/p>[\/et_pb_blurb][et_pb_blurb title=\u00a0\u00bbLevage\u00a0\u00bb image=\u00a0\u00bbhttps:\/\/db-power.fr\/wp-content\/uploads\/2022\/04\/IMG_0397-2-scaled.jpg\u00a0\u00bb _builder_version=\u00a0\u00bb4.17.0&Prime; _module_preset=\u00a0\u00bbdefault\u00a0\u00bb header_font=\u00a0\u00bbRoboto|700|||||||\u00a0\u00bb body_font=\u00a0\u00bbUbuntu||||||||\u00a0\u00bb background_color=\u00a0\u00bb#FFFFFF\u00a0\u00bb min_height=\u00a0\u00bb15.2px\u00a0\u00bb custom_padding=\u00a0\u00bb3px|5px|3px|5px|true|true\u00a0\u00bb animation_style=\u00a0\u00bbflip\u00a0\u00bb border_radii=\u00a0\u00bbon|10px|10px|10px|10px\u00a0\u00bb box_shadow_style=\u00a0\u00bbpreset4&Prime; box_shadow_color=\u00a0\u00bbrgba(0,133,163,0.3)\u00a0\u00bb global_colors_info=\u00a0\u00bb{}\u00a0\u00bb custom_padding__hover_enabled=\u00a0\u00bboff|desktop\u00a0\u00bb]<p>Toutes charges et techniques\u00a0<\/p>[\/et_pb_blurb][\/et_pb_column][\/et_pb_row][\/et_pb_section]\n","protected":false},"excerpt":{"rendered":"<p>L&rsquo;entreprise et son histoireDB comme D\u00e9pret Bellanger 15 ann\u00e9es d&rsquo;exp\u00e9rience dans le domaine de la maintenance avec le syst\u00e8me qualit\u00e9 du nucl\u00e9aire. Associant leurs comp\u00e9tences : Charg\u00e9 d&rsquo;affaires pour l&rsquo;un avec l&rsquo;application du syst\u00e8me qualit\u00e9 et une approche commerciale pr\u00e9cise. Contrema\u00eetre pour l&rsquo;autre avec la ma\u00eetrise de la gestion d&rsquo;activit\u00e9s et d&rsquo;un panel de comp\u00e9tences [&hellip;]<\/p>\n","protected":false},"author":1,"featured_media":0,"parent":0,"menu_order":0,"comment_status":"closed","ping_status":"closed","template":"","meta":{"_et_pb_use_builder":"on","_et_pb_old_content":"<!-- wp:divi\/placeholder \/-->","_et_gb_content_width":"","footnotes":""},"class_list":["post-22","page","type-page","status-publish","hentry"],"_links":{"self":[{"href":"https:\/\/db-power.fr\/index.php\/wp-json\/wp\/v2\/pages\/22","targetHints":{"allow":["GET"]}}],"collection":[{"href":"https:\/\/db-power.fr\/index.php\/wp-json\/wp\/v2\/pages"}],"about":[{"href":"https:\/\/db-power.fr\/index.php\/wp-json\/wp\/v2\/types\/page"}],"author":[{"embeddable":true,"href":"https:\/\/db-power.fr\/index.php\/wp-json\/wp\/v2\/users\/1"}],"replies":[{"embeddable":true,"href":"https:\/\/db-power.fr\/index.php\/wp-json\/wp\/v2\/comments?post=22"}],"version-history":[{"count":9,"href":"https:\/\/db-power.fr\/index.php\/wp-json\/wp\/v2\/pages\/22\/revisions"}],"predecessor-version":[{"id":395,"href":"https:\/\/db-power.fr\/index.php\/wp-json\/wp\/v2\/pages\/22\/revisions\/395"}],"wp:attachment":[{"href":"https:\/\/db-power.fr\/index.php\/wp-json\/wp\/v2\/media?parent=22"}],"curies":[{"name":"wp","href":"https:\/\/api.w.org\/{rel}","templated":true}]}}