{"id":24,"date":"2022-04-12T15:49:30","date_gmt":"2022-04-12T15:49:30","guid":{"rendered":"https:\/\/db-power.fr\/?page_id=24"},"modified":"2024-04-23T18:30:52","modified_gmt":"2024-04-23T18:30:52","slug":"actualites","status":"publish","type":"page","link":"https:\/\/db-power.fr\/index.php\/actualites\/","title":{"rendered":"Actualit\u00e9s"},"content":{"rendered":"<p>[et_pb_section fb_built=\u00a0\u00bb1&Prime; fullwidth=\u00a0\u00bbon\u00a0\u00bb _builder_version=\u00a0\u00bb4.17.0&Prime; _module_preset=\u00a0\u00bbdefault\u00a0\u00bb background_image=\u00a0\u00bbhttps:\/\/db-power.fr\/wp-content\/uploads\/2022\/04\/AdobeStock_275473525-scaled.jpeg\u00a0\u00bb parallax=\u00a0\u00bbon\u00a0\u00bb custom_padding=\u00a0\u00bb94px||134px|||\u00a0\u00bb global_colors_info=\u00a0\u00bb{}\u00a0\u00bb][\/et_pb_section][et_pb_section fb_built=\u00a0\u00bb1&Prime; _builder_version=\u00a0\u00bb4.17.0&Prime; _module_preset=\u00a0\u00bbdefault\u00a0\u00bb background_color=\u00a0\u00bb#000000&Prime; custom_margin=\u00a0\u00bb0px||||false|false\u00a0\u00bb custom_padding=\u00a0\u00bb0px|||||\u00a0\u00bb global_colors_info=\u00a0\u00bb{}\u00a0\u00bb][et_pb_row _builder_version=\u00a0\u00bb4.17.0&Prime; _module_preset=\u00a0\u00bbdefault\u00a0\u00bb global_colors_info=\u00a0\u00bb{}\u00a0\u00bb][et_pb_column type=\u00a0\u00bb4_4&Prime; _builder_version=\u00a0\u00bb4.17.0&Prime; _module_preset=\u00a0\u00bbdefault\u00a0\u00bb global_colors_info=\u00a0\u00bb{}\u00a0\u00bb][et_pb_text _builder_version=\u00a0\u00bb4.17.0&Prime; _module_preset=\u00a0\u00bbdefault\u00a0\u00bb text_font=\u00a0\u00bbRoboto|||on|||||\u00a0\u00bb text_text_color=\u00a0\u00bb#FFFFFF\u00a0\u00bb text_font_size=\u00a0\u00bb32px\u00a0\u00bb global_colors_info=\u00a0\u00bb{}\u00a0\u00bb]<\/p>\n<p>Nos derni\u00e8res actualit\u00e9s<\/p>\n<p>[\/et_pb_text][\/et_pb_column][\/et_pb_row][et_pb_row _builder_version=\u00a0\u00bb4.17.0&Prime; _module_preset=\u00a0\u00bbdefault\u00a0\u00bb global_colors_info=\u00a0\u00bb{}\u00a0\u00bb][et_pb_column type=\u00a0\u00bb4_4&Prime; _builder_version=\u00a0\u00bb4.17.0&Prime; _module_preset=\u00a0\u00bbdefault\u00a0\u00bb global_colors_info=\u00a0\u00bb{}\u00a0\u00bb][et_pb_slider _builder_version=\u00a0\u00bb4.17.0&Prime; _module_preset=\u00a0\u00bbdefault\u00a0\u00bb hover_enabled=\u00a0\u00bb0&Prime; global_colors_info=\u00a0\u00bb{}\u00a0\u00bb sticky_enabled=\u00a0\u00bb0&Prime;][et_pb_slide video_url=\u00a0\u00bbhttps:\/\/db-power.fr\/wp-content\/uploads\/2024\/01\/DB-Power-sous-titres-francais.mp4&Prime; _builder_version=\u00a0\u00bb4.17.0&Prime; _module_preset=\u00a0\u00bbdefault\u00a0\u00bb global_colors_info=\u00a0\u00bb{}\u00a0\u00bb sticky_transition=\u00a0\u00bbon\u00a0\u00bb]<\/p>\n<p><img loading=\"lazy\" decoding=\"async\" src=\"https:\/\/db-power.fr\/wp-content\/uploads\/2024\/01\/image.png\" width=\"205\" height=\"205\" alt=\"\" class=\"wp-image-314 alignnone size-full\" srcset=\"https:\/\/db-power.fr\/wp-content\/uploads\/2024\/01\/image.png 300w, https:\/\/db-power.fr\/wp-content\/uploads\/2024\/01\/image-150x150.png 150w\" sizes=\"auto, (max-width: 205px) 100vw, 205px\" \/><\/p>\n<p><span>Arnaud et Adrien ont eu le plaisir d&rsquo;\u00eatre invit\u00e9s sur le plateau de BFM BUSINESS pour l&rsquo;\u00e9mission \u00ab\u00a0Focus PME\u00a0\u00bb de Vincent Touraine\u00a0<\/span><span>\ud83d\udcfa <\/span><\/p>\n<p>[\/et_pb_slide][et_pb_slide video_url=\u00a0\u00bbhttps:\/\/db-power.fr\/wp-content\/uploads\/2024\/01\/RPReplay_Final1697822461.mp4&Prime; _builder_version=\u00a0\u00bb4.17.0&Prime; _module_preset=\u00a0\u00bbdefault\u00a0\u00bb global_colors_info=\u00a0\u00bb{}\u00a0\u00bb sticky_transition=\u00a0\u00bbon\u00a0\u00bb]<\/p>\n<p><img loading=\"lazy\" decoding=\"async\" src=\"https:\/\/db-power.fr\/wp-content\/uploads\/2024\/01\/France_Bleu_Orle\u0301ans_2021.svg_-300x300.png\" width=\"300\" height=\"300\" alt=\"\" class=\"wp-image-311 alignnone size-medium\" srcset=\"https:\/\/db-power.fr\/wp-content\/uploads\/2024\/01\/France_Bleu_Orle\u0301ans_2021.svg_-300x300.png 300w, https:\/\/db-power.fr\/wp-content\/uploads\/2024\/01\/France_Bleu_Orle\u0301ans_2021.svg_-1024x1024.png 1024w, https:\/\/db-power.fr\/wp-content\/uploads\/2024\/01\/France_Bleu_Orle\u0301ans_2021.svg_-150x150.png 150w, https:\/\/db-power.fr\/wp-content\/uploads\/2024\/01\/France_Bleu_Orle\u0301ans_2021.svg_-768x768.png 768w, https:\/\/db-power.fr\/wp-content\/uploads\/2024\/01\/France_Bleu_Orle\u0301ans_2021.svg_-1080x1080.png 1080w, https:\/\/db-power.fr\/wp-content\/uploads\/2024\/01\/France_Bleu_Orle\u0301ans_2021.svg_-980x980.png 980w, https:\/\/db-power.fr\/wp-content\/uploads\/2024\/01\/France_Bleu_Orle\u0301ans_2021.svg_-480x480.png 480w, https:\/\/db-power.fr\/wp-content\/uploads\/2024\/01\/France_Bleu_Orle\u0301ans_2021.svg_.png 1200w\" sizes=\"auto, (max-width: 300px) 100vw, 300px\" \/><\/p>\n<p><span>Arnaud a eu le plaisir d&rsquo;\u00eatre invit\u00e9 sur France Bleu Orl\u00e9ans pour une \u00e9mission radio matinale \u00ab\u00a0l&rsquo;\u00e9co d&rsquo;ici\u00a0\u00bb avec Nathanael\ud83c\udf99<br \/><\/span><\/p>\n<p>[\/et_pb_slide][et_pb_slide heading=\u00a0\u00bbSemaine nationale du nucl\u00e9aire\u00a0\u00bb _builder_version=\u00a0\u00bb4.17.0&Prime; _module_preset=\u00a0\u00bbdefault\u00a0\u00bb global_colors_info=\u00a0\u00bb{}\u00a0\u00bb sticky_transition=\u00a0\u00bbon\u00a0\u00bb]<\/p>\n<p>&nbsp;<\/p>\n<p><img loading=\"lazy\" decoding=\"async\" src=\"https:\/\/db-power.fr\/wp-content\/uploads\/2024\/01\/image-1.png\" width=\"370\" height=\"370\" alt=\"\" class=\"wp-image-328 alignnone size-full\" srcset=\"https:\/\/db-power.fr\/wp-content\/uploads\/2024\/01\/image-1.png 300w, https:\/\/db-power.fr\/wp-content\/uploads\/2024\/01\/image-1-150x150.png 150w\" sizes=\"auto, (max-width: 370px) 100vw, 370px\" \/><\/p>\n<p>&nbsp;<\/p>\n<p><span>JOB DATING \/ SEMAINE DES M\u00c9TIERS DU NUCL\u00c9AIRE \ud83d\udce2 <\/span><\/p>\n<p><span>On vous donne rendez-vous sur deux dates pour vous rencontrer et \u00e9changer sur les postes que nous proposons ! <\/span><\/p>\n<p><span>\u00a0<\/span><br \/><span>\u27a1 Le 06 f\u00e9vrier de 9h \u00e0 12H chez Onet Technologies, 2 Impasse Elise Deroche \u00e0 Mer (41500).<\/span><\/p>\n<p><span>Vous pouvez vous inscrire directement sur le lien ci-dessous: <\/span><a href=\"https:\/\/lnkd.in\/dZv4DA_k\" data-attribute-index=\"0\" target=\"_self\" rel=\"noopener\">https:\/\/lnkd.in\/dZv4DA_k<\/a><\/p>\n<p><span>\u27a1 Le 13 f\u00e9vrier \u00e0\u00a0l&rsquo;Agence France Travail, 62 route d\u2019Orl\u00e9ans \u00e0 GIEN (45500).<\/span><\/p>\n<p><span>On esp\u00e8re vous voir nombreux et pensez \u00e0 prendre vos CV \ud83d\ude09<\/span><\/p>\n<p>[\/et_pb_slide][et_pb_slide heading=\u00a0\u00bbMQME 2024&Prime; image=\u00a0\u00bbhttps:\/\/db-power.fr\/wp-content\/uploads\/2024\/01\/thumbnail_image003.png\u00a0\u00bb _builder_version=\u00a0\u00bb4.17.0&Prime; _module_preset=\u00a0\u00bbdefault\u00a0\u00bb global_colors_info=\u00a0\u00bb{}\u00a0\u00bb sticky_transition=\u00a0\u00bbon\u00a0\u00bb]<\/p>\n<p><img loading=\"lazy\" decoding=\"async\" src=\"https:\/\/db-power.fr\/wp-content\/uploads\/2024\/01\/thumbnail_image002-300x212.jpeg\" width=\"300\" height=\"212\" alt=\"\" class=\"wp-image-334 alignnone size-medium\" \/><img loading=\"lazy\" decoding=\"async\" src=\"https:\/\/db-power.fr\/wp-content\/uploads\/2024\/01\/image001-300x169.png\" width=\"300\" height=\"169\" alt=\"\" class=\"wp-image-333 alignnone size-medium\" \/><\/p>\n<p>&nbsp;<\/p>\n<p>[\/et_pb_slide][et_pb_slide image=\u00a0\u00bbhttps:\/\/db-power.fr\/wp-content\/uploads\/2024\/01\/Article-EDF-La-maintenance-re\u0301ussie-des-pompes-2CEX003PO_page-0001.jpg\u00a0\u00bb _builder_version=\u00a0\u00bb4.17.0&Prime; _module_preset=\u00a0\u00bbdefault\u00a0\u00bb hover_enabled=\u00a0\u00bb0&Prime; global_colors_info=\u00a0\u00bb{}\u00a0\u00bb sticky_transition=\u00a0\u00bbon\u00a0\u00bb sticky_enabled=\u00a0\u00bb0&Prime;][\/et_pb_slide][et_pb_slide _builder_version=\u00a0\u00bb4.17.0&Prime; _module_preset=\u00a0\u00bbdefault\u00a0\u00bb hover_enabled=\u00a0\u00bb0&Prime; sticky_enabled=\u00a0\u00bb0&Prime;]<\/p>\n<p><img loading=\"lazy\" decoding=\"async\" src=\"https:\/\/db-power.fr\/wp-content\/uploads\/2024\/04\/pixelcut-export-300x212.png\" width=\"379\" height=\"268\" alt=\"\" class=\"wp-image-355 alignnone size-medium\" \/><\/p>\n<p>[\/et_pb_slide][\/et_pb_slider][\/et_pb_column][\/et_pb_row][et_pb_row _builder_version=\u00a0\u00bb4.17.0&Prime; _module_preset=\u00a0\u00bbdefault\u00a0\u00bb global_colors_info=\u00a0\u00bb{}\u00a0\u00bb][et_pb_column type=\u00a0\u00bb4_4&Prime; _builder_version=\u00a0\u00bb4.17.0&Prime; _module_preset=\u00a0\u00bbdefault\u00a0\u00bb global_colors_info=\u00a0\u00bb{}\u00a0\u00bb][et_pb_post_nav show_prev=\u00a0\u00bboff\u00a0\u00bb show_next=\u00a0\u00bboff\u00a0\u00bb _builder_version=\u00a0\u00bb4.17.0&Prime; _module_preset=\u00a0\u00bbdefault\u00a0\u00bb title_font=\u00a0\u00bbUbuntu||||||||\u00a0\u00bb title_text_color=\u00a0\u00bb#FFFFFF\u00a0\u00bb global_colors_info=\u00a0\u00bb{}\u00a0\u00bb][\/et_pb_post_nav][\/et_pb_column][\/et_pb_row][\/et_pb_section]<\/p>\n","protected":false},"excerpt":{"rendered":"<p>Nos derni\u00e8res actualit\u00e9s Arnaud et Adrien ont eu le plaisir d&rsquo;\u00eatre invit\u00e9s sur le plateau de BFM BUSINESS pour l&rsquo;\u00e9mission \u00ab\u00a0Focus PME\u00a0\u00bb de Vincent Touraine\u00a0\ud83d\udcfa Arnaud a eu le plaisir d&rsquo;\u00eatre invit\u00e9 sur France Bleu Orl\u00e9ans pour une \u00e9mission radio matinale \u00ab\u00a0l&rsquo;\u00e9co d&rsquo;ici\u00a0\u00bb avec Nathanael\ud83c\udf99&nbsp; &nbsp; JOB DATING \/ SEMAINE DES M\u00c9TIERS DU NUCL\u00c9AIRE \ud83d\udce2 [&hellip;]<\/p>\n","protected":false},"author":1,"featured_media":0,"parent":0,"menu_order":0,"comment_status":"closed","ping_status":"closed","template":"","meta":{"_et_pb_use_builder":"on","_et_pb_old_content":"","_et_gb_content_width":"","footnotes":""},"class_list":["post-24","page","type-page","status-publish","hentry"],"_links":{"self":[{"href":"https:\/\/db-power.fr\/index.php\/wp-json\/wp\/v2\/pages\/24","targetHints":{"allow":["GET"]}}],"collection":[{"href":"https:\/\/db-power.fr\/index.php\/wp-json\/wp\/v2\/pages"}],"about":[{"href":"https:\/\/db-power.fr\/index.php\/wp-json\/wp\/v2\/types\/page"}],"author":[{"embeddable":true,"href":"https:\/\/db-power.fr\/index.php\/wp-json\/wp\/v2\/users\/1"}],"replies":[{"embeddable":true,"href":"https:\/\/db-power.fr\/index.php\/wp-json\/wp\/v2\/comments?post=24"}],"version-history":[{"count":10,"href":"https:\/\/db-power.fr\/index.php\/wp-json\/wp\/v2\/pages\/24\/revisions"}],"predecessor-version":[{"id":356,"href":"https:\/\/db-power.fr\/index.php\/wp-json\/wp\/v2\/pages\/24\/revisions\/356"}],"wp:attachment":[{"href":"https:\/\/db-power.fr\/index.php\/wp-json\/wp\/v2\/media?parent=24"}],"curies":[{"name":"wp","href":"https:\/\/api.w.org\/{rel}","templated":true}]}}