{"id":377,"date":"2025-05-26T11:39:57","date_gmt":"2025-05-26T11:39:57","guid":{"rendered":"https:\/\/db-power.fr\/?page_id=377"},"modified":"2025-05-26T11:45:29","modified_gmt":"2025-05-26T11:45:29","slug":"mentions-legales","status":"publish","type":"page","link":"https:\/\/db-power.fr\/index.php\/mentions-legales\/","title":{"rendered":"Mentions l\u00e9gales"},"content":{"rendered":"\n<p>1. <strong>\u00c9diteur du site<\/strong> Le pr\u00e9sent site est \u00e9dit\u00e9 par CODETICS: <strong>Nom de l\u2019entreprise<\/strong> : DB POWER &#8211; <strong>Statut juridique<\/strong> : SAS &#8211; <strong>Capital social<\/strong> : 5000 \u20ac &#8211; <strong>Adresse du si\u00e8ge social<\/strong> : 171 ZA des Gabillons, 45570 Dampierre en Burly &#8211; <strong>Num\u00e9ro de t\u00e9l\u00e9phone<\/strong> : 02.45.38.81.01 &#8211; <strong>Email<\/strong> : accueil@db-power.fr &#8211; <strong>Num\u00e9ro RCS<\/strong> : RCS Orleans B 900 661 984 &#8211; <strong>Num\u00e9ro TVA intracommunautaire<\/strong> : FR 39 900 661 984<\/p>\n\n\n\n<p><strong> 2.Propri\u00e9t\u00e9 intellectuelle<\/strong> Tous les contenus pr\u00e9sents sur ce site (textes, images, logos, vid\u00e9os\u2026) sont la propri\u00e9t\u00e9 exclusive de DB Power ou de tiers ayant autoris\u00e9 leur utilisation. Toute reproduction, repr\u00e9sentation ou diffusion sans autorisation est strictement interdite.<\/p>\n\n\n\n<p>3.<strong>Donn\u00e9es personnelles<\/strong> Les informations recueillies via ce site sont utilis\u00e9es uniquement \u00e0 des fins de gestion et de communication. Conform\u00e9ment \u00e0 la loi <strong>RGPD<\/strong>, vous disposez d\u2019un droit d\u2019acc\u00e8s, de modification ou de suppression de vos donn\u00e9es. Pour exercer ce droit, contactez-nous \u00e0 l&rsquo;adresse accueil@db-power.fr<\/p>\n\n\n\n<p>4.<strong>Responsabilit\u00e9<\/strong> L\u2019\u00e9diteur du site met tout en \u0153uvre pour garantir l\u2019exactitude des informations, mais ne peut \u00eatre tenu responsable des \u00e9ventuelles erreurs ou omissions.<\/p>\n\n\n\n<p>5. <strong>Cookies <\/strong>Ce site utilise des cookies pour am\u00e9liorer l&rsquo;exp\u00e9rience utilisateur. Vous pouvez g\u00e9rer vos pr\u00e9f\u00e9rences via les param\u00e8tres de votre navigateur.<\/p>\n\n\n\n<p>6.<strong>Contact<\/strong> Pour toute question relative aux pr\u00e9sentes mentions l\u00e9gales, veuillez nous contacter \u00e0 l&rsquo;adresse accueil@db-power.fr<\/p>\n","protected":false},"excerpt":{"rendered":"<p>1. \u00c9diteur du site Le pr\u00e9sent site est \u00e9dit\u00e9 par CODETICS: Nom de l\u2019entreprise : DB POWER &#8211; Statut juridique : SAS &#8211; Capital social : 5000 \u20ac &#8211; Adresse du si\u00e8ge social : 171 ZA des Gabillons, 45570 Dampierre en Burly &#8211; Num\u00e9ro de t\u00e9l\u00e9phone : 02.45.38.81.01 &#8211; Email : accueil@db-power.fr &#8211; Num\u00e9ro RCS [&hellip;]<\/p>\n","protected":false},"author":1,"featured_media":0,"parent":0,"menu_order":0,"comment_status":"closed","ping_status":"closed","template":"","meta":{"_et_pb_use_builder":"off","_et_pb_old_content":"<!-- wp:paragraph -->\n<p>1. <strong>\u00c9diteur du site<\/strong> Le pr\u00e9sent site est \u00e9dit\u00e9 par CODETICS: <\/p>\n<!-- \/wp:paragraph -->\n\n<!-- wp:paragraph -->\n<p><strong>Nom de l\u2019entreprise<\/strong> : DB POWER  - <strong>Statut juridique<\/strong> : SAS - <strong>Capital social<\/strong> : 5000 \u20ac -  <strong>Adresse du si\u00e8ge social<\/strong> : 171 ZA des Gabillons, 45570 Dampierre en Burly - <strong>Num\u00e9ro de t\u00e9l\u00e9phone<\/strong> : 02.45.38.81.01 - <strong>Email<\/strong> : accueil@db-power.fr - <strong>Num\u00e9ro RCS<\/strong> : RCS Orleans B 900 661 984  - <strong>Num\u00e9ro TVA intracommunautaire<\/strong> : FR 39 900 661 984<\/p>\n<!-- \/wp:paragraph -->\n\n<!-- wp:paragraph -->\n<p><strong> 2.Propri\u00e9t\u00e9 intellectuelle<\/strong> Tous les contenus pr\u00e9sents sur ce site (textes, images, logos, vid\u00e9os\u2026) sont la propri\u00e9t\u00e9 exclusive de DB Power ou de tiers ayant autoris\u00e9 leur utilisation. Toute reproduction, repr\u00e9sentation ou diffusion sans autorisation est strictement interdite.<\/p>\n<!-- \/wp:paragraph -->\n\n<!-- wp:paragraph -->\n<p>3.<strong>Donn\u00e9es personnelles<\/strong> Les informations recueillies via ce site sont utilis\u00e9es uniquement \u00e0 des fins de gestion et de communication. Conform\u00e9ment \u00e0 la loi <strong>RGPD<\/strong>, vous disposez d\u2019un droit d\u2019acc\u00e8s, de modification ou de suppression de vos donn\u00e9es. Pour exercer ce droit, contactez-nous \u00e0 l'adresse accueil@db-power.fr<\/p>\n<!-- \/wp:paragraph -->\n\n<!-- wp:paragraph -->\n<p>4.<strong>Responsabilit\u00e9<\/strong> L\u2019\u00e9diteur du site met tout en \u0153uvre pour garantir l\u2019exactitude des informations, mais ne peut \u00eatre tenu responsable des \u00e9ventuelles erreurs ou omissions.<\/p>\n<!-- \/wp:paragraph -->\n\n<!-- wp:paragraph -->\n<p>5. <strong>Cookies <\/strong>Ce site utilise des cookies pour am\u00e9liorer l'exp\u00e9rience utilisateur. Vous pouvez g\u00e9rer vos pr\u00e9f\u00e9rences via les param\u00e8tres de votre navigateur.<\/p>\n<!-- \/wp:paragraph -->\n\n<!-- wp:paragraph -->\n<p>5.<strong>Contact<\/strong> Pour toute question relative aux pr\u00e9sentes mentions l\u00e9gales, veuillez nous contacter \u00e0 l'adresse accueil@db-power.fr <\/p>\n<!-- \/wp:paragraph -->","_et_gb_content_width":"","footnotes":""},"class_list":["post-377","page","type-page","status-publish","hentry"],"_links":{"self":[{"href":"https:\/\/db-power.fr\/index.php\/wp-json\/wp\/v2\/pages\/377","targetHints":{"allow":["GET"]}}],"collection":[{"href":"https:\/\/db-power.fr\/index.php\/wp-json\/wp\/v2\/pages"}],"about":[{"href":"https:\/\/db-power.fr\/index.php\/wp-json\/wp\/v2\/types\/page"}],"author":[{"embeddable":true,"href":"https:\/\/db-power.fr\/index.php\/wp-json\/wp\/v2\/users\/1"}],"replies":[{"embeddable":true,"href":"https:\/\/db-power.fr\/index.php\/wp-json\/wp\/v2\/comments?post=377"}],"version-history":[{"count":3,"href":"https:\/\/db-power.fr\/index.php\/wp-json\/wp\/v2\/pages\/377\/revisions"}],"predecessor-version":[{"id":381,"href":"https:\/\/db-power.fr\/index.php\/wp-json\/wp\/v2\/pages\/377\/revisions\/381"}],"wp:attachment":[{"href":"https:\/\/db-power.fr\/index.php\/wp-json\/wp\/v2\/media?parent=377"}],"curies":[{"name":"wp","href":"https:\/\/api.w.org\/{rel}","templated":true}]}}